{"id":2736,"date":"2024-05-04T08:50:42","date_gmt":"2024-05-04T08:50:42","guid":{"rendered":"https:\/\/digitaldeals.biz\/?post_type=product&#038;p=2736"},"modified":"2024-06-16T09:16:57","modified_gmt":"2024-06-16T09:16:57","slug":"red-dead-redemption-2","status":"publish","type":"product","link":"https:\/\/digitaldeals.biz\/fr\/produit\/red-dead-redemption-2\/","title":{"rendered":"RED DEAD REDEMPTION 2"},"content":{"rendered":"<p>D\u00e9fiez vos capacit\u00e9s dans les cat\u00e9gories MotoGP, Moto2 et Moto3, et plongez dans l'aventure exaltante de la campagne 2024. Vivez l'exp\u00e9rience des listes officielles et des circuits exclusifs \u00e0 MotoGP 24 !<\/p>\n<p>UNE CARRI\u00c8RE INCONTOURNABLE Lancez-vous dans la qu\u00eate d'une l\u00e9gende du MotoGP et fa\u00e7onnez votre propre \u00e9pop\u00e9e. Des d\u00e9buts modestes aux sommets triomphants, c'est \u00e0 vous de tracer votre chemin. Participez \u00e0 des rivalit\u00e9s passionnantes, b\u00e2tissez votre r\u00e9putation et laissez votre empreinte dans l'histoire de votre \u00e9quipe bien-aim\u00e9e.<\/p>\n<p>Mais attendez, ce n'est pas tout ! \u00c0 l'aube d'une nouvelle saison, le vent du changement souffle sur les \u00e9quipes. Gr\u00e2ce au march\u00e9 des coureurs, les coureurs peuvent d\u00e9sormais \u00eatre transf\u00e9r\u00e9s d'une \u00e9quipe \u00e0 l'autre afin de remanier l'\u00e9quipe et d'insuffler un vent d'impr\u00e9visibilit\u00e9 dans la comp\u00e9tition !<\/p>\n<p>L'EXPERIENCE MotoGP Vous avez pris un raccourci ? Le contact avec l'IA \u00e9tait-il irr\u00e9gulier ? Sous la surveillance des commissaires MotoGP, les individus qui se comportent mal subiront les cons\u00e9quences de leurs actes. MotoGP 24 met l'accent sur le fair-play en p\u00e9nalisant les contrevenants, sans exception !<\/p>\n<p>JEU PERSONNALISABLE Que vous soyez \u00e0 la recherche de sensations professionnelles ou que vous d\u00e9butiez, MotoGP 24 vous accueille \u00e0 bras ouverts ! Gr\u00e2ce \u00e0 l'Acad\u00e9mie MotoGP 24 et \u00e0 notre syst\u00e8me d'aide neuronale, nous sommes \u00e0 vos c\u00f4t\u00e9s \u00e0 chaque \u00e9tape du jeu. Et nous vous pr\u00e9sentons notre nouvel alli\u00e9 : La difficult\u00e9 adaptative. Elle adapte votre exp\u00e9rience de jeu \u00e0 vos comp\u00e9tences et \u00e0 vos r\u00e9sultats, pour que chaque course soit unique !<\/p>\n<p>METTEZ EN VALEUR VOTRE STYLE Am\u00e9liorez votre exp\u00e9rience du MotoGP gr\u00e2ce \u00e0 nos quatre \u00e9diteurs graphiques : Autocollants, Autocollants de pilote, Num\u00e9ros et Casques. D\u00e9marquez-vous avec un style qui vous est propre lors de votre conqu\u00eate de la ligne d'arriv\u00e9e !<\/p>\n<p>UNE NOUVELLE CAMPAGNE CHAQUE MOIS MotoGP 24 vous plonge au c\u0153ur de la comp\u00e9tition avec les Championnats LiveGP : d\u00e9fiez-vous chaque mois contre l'\u00e9lite, gagnez la premi\u00e8re place et la gloire !<\/p>\n<p>\u00caTES-VOUS ASSEZ RAPIDE ? Montrez vos talents imparables en ligne en affrontant des joueurs du monde entier, ou participez \u00e0 des d\u00e9fis en direct avec vos amis gr\u00e2ce \u00e0 la fonction d'\u00e9cran partag\u00e9 !<\/p>","protected":false},"excerpt":{"rendered":"<p>https:\/\/www.youtube.com\/watch?v=L-W8MHy-SgE<\/p>","protected":false},"featured_media":2739,"comment_status":"open","ping_status":"closed","template":"","meta":[],"product_brand":[],"product_cat":[47,26,28,29,27],"product_tag":[],"class_list":{"0":"post-2736","1":"product","2":"type-product","3":"status-publish","4":"has-post-thumbnail","6":"product_cat-battle-royale","7":"product_cat-casual","8":"product_cat-horror","9":"product_cat-indie","10":"product_cat-rpg","12":"first","13":"instock","14":"sale","15":"shipping-taxable","16":"purchasable","17":"product-type-variable"},"_links":{"self":[{"href":"https:\/\/digitaldeals.biz\/fr\/wp-json\/wp\/v2\/product\/2736","targetHints":{"allow":["GET"]}}],"collection":[{"href":"https:\/\/digitaldeals.biz\/fr\/wp-json\/wp\/v2\/product"}],"about":[{"href":"https:\/\/digitaldeals.biz\/fr\/wp-json\/wp\/v2\/types\/product"}],"replies":[{"embeddable":true,"href":"https:\/\/digitaldeals.biz\/fr\/wp-json\/wp\/v2\/comments?post=2736"}],"version-history":[{"count":5,"href":"https:\/\/digitaldeals.biz\/fr\/wp-json\/wp\/v2\/product\/2736\/revisions"}],"predecessor-version":[{"id":2828,"href":"https:\/\/digitaldeals.biz\/fr\/wp-json\/wp\/v2\/product\/2736\/revisions\/2828"}],"wp:featuredmedia":[{"embeddable":true,"href":"https:\/\/digitaldeals.biz\/fr\/wp-json\/wp\/v2\/media\/2739"}],"wp:attachment":[{"href":"https:\/\/digitaldeals.biz\/fr\/wp-json\/wp\/v2\/media?parent=2736"}],"wp:term":[{"taxonomy":"product_brand","embeddable":true,"href":"https:\/\/digitaldeals.biz\/fr\/wp-json\/wp\/v2\/product_brand?post=2736"},{"taxonomy":"product_cat","embeddable":true,"href":"https:\/\/digitaldeals.biz\/fr\/wp-json\/wp\/v2\/product_cat?post=2736"},{"taxonomy":"product_tag","embeddable":true,"href":"https:\/\/digitaldeals.biz\/fr\/wp-json\/wp\/v2\/product_tag?post=2736"}],"curies":[{"name":"wp","href":"https:\/\/api.w.org\/{rel}","templated":true}]}}