{"id":2879,"date":"2024-05-24T05:27:24","date_gmt":"2024-05-24T05:27:24","guid":{"rendered":"https:\/\/digitaldeals.biz\/?post_type=product&#038;p=2879"},"modified":"2024-05-24T05:30:08","modified_gmt":"2024-05-24T05:30:08","slug":"wwe-2k23","status":"publish","type":"product","link":"https:\/\/digitaldeals.biz\/fr\/produit\/wwe-2k23\/","title":{"rendered":"WWE 2k23"},"content":{"rendered":"<p>Des fonctionnalit\u00e9s \u00e9tendues, des graphismes magnifiques et l'exp\u00e9rience WWE ultime. Montez sur le ring avec un grand nombre de Superstars et de L\u00e9gendes de la WWE, dont Roman Reigns, \"American Nightmare\" Cody Rhodes, Ronda Rousey, Brock Lesnar, \"Stone Cold\" Steve Austin et bien d'autres encore ! 2K SHOWCASE : INTERACTIVE SPORTS DOCUMENTARY Revivez les moments cl\u00e9s et les adversaires les plus coriaces des 20 ans de carri\u00e8re de John Cena \u00e0 la WWE. Et pour la premi\u00e8re fois dans la franchise, incarnez chacun de ses adversaires, parmi les plus grands de la WWE de tous les temps, et tentez de vaincre M. Hustle, Loyalty et Respect. IT'S WARGAMES Le jeu d'action pr\u00e9f\u00e9r\u00e9 des fans, WarGames, fait ses d\u00e9buts dans WWE 2K23 et propose des affrontements multijoueurs 3v3 et 4v4 \u00e0 l'int\u00e9rieur de deux rings c\u00f4te \u00e0 c\u00f4te, entour\u00e9s d'une double cage d'acier ! VOTRE \u00c9MISSION, VOS CHOIX Avec MyGM, prenez les r\u00eanes d'une \u00e9mission hebdomadaire et affrontez des directeurs g\u00e9n\u00e9raux rivaux pour la supr\u00e9matie de la marque. Le jeu propose d\u00e9sormais un plus grand choix de directeurs g\u00e9n\u00e9raux, des options de show suppl\u00e9mentaires, plusieurs saisons, des cartes de match \u00e9tendues et davantage de types de match pour 4 joueurs maximum. VOUS D\u00c9TENEZ TOUTES LES CARTES Collectionnez et am\u00e9liorez les cartes des superstars et des l\u00e9gendes de la WWE pour cr\u00e9er la faction ultime et vous battre pour dominer le monde dans MyFACTION, qui propose d\u00e9sormais un mode multijoueur en ligne ! D\u00c9FINISSEZ VOTRE FUTUR DANS MyRISE Franchissez le rideau pour vos d\u00e9buts \u00e0 la WWE et fa\u00e7onnez votre carri\u00e8re de Superstar de la WWE gr\u00e2ce aux d\u00e9cisions que vous prendrez en cours de route dans des sc\u00e9narios distincts - Le Verrouillage et L'H\u00e9ritage.<\/p>","protected":false},"excerpt":{"rendered":"<p>Des fonctionnalit\u00e9s \u00e9tendues, des graphismes magnifiques et l'exp\u00e9rience WWE ultime. Montez sur le ring avec un grand nombre de Superstars de la WWE et de joueurs de la WWE.<\/p>","protected":false},"featured_media":2932,"comment_status":"open","ping_status":"closed","template":"","meta":[],"product_brand":[],"product_cat":[48,52],"product_tag":[],"class_list":{"0":"post-2879","1":"product","2":"type-product","3":"status-publish","4":"has-post-thumbnail","6":"product_cat-fight","7":"product_cat-sports","9":"first","10":"instock","11":"sale","12":"shipping-taxable","13":"purchasable","14":"product-type-simple"},"_links":{"self":[{"href":"https:\/\/digitaldeals.biz\/fr\/wp-json\/wp\/v2\/product\/2879","targetHints":{"allow":["GET"]}}],"collection":[{"href":"https:\/\/digitaldeals.biz\/fr\/wp-json\/wp\/v2\/product"}],"about":[{"href":"https:\/\/digitaldeals.biz\/fr\/wp-json\/wp\/v2\/types\/product"}],"replies":[{"embeddable":true,"href":"https:\/\/digitaldeals.biz\/fr\/wp-json\/wp\/v2\/comments?post=2879"}],"version-history":[{"count":2,"href":"https:\/\/digitaldeals.biz\/fr\/wp-json\/wp\/v2\/product\/2879\/revisions"}],"predecessor-version":[{"id":2935,"href":"https:\/\/digitaldeals.biz\/fr\/wp-json\/wp\/v2\/product\/2879\/revisions\/2935"}],"wp:featuredmedia":[{"embeddable":true,"href":"https:\/\/digitaldeals.biz\/fr\/wp-json\/wp\/v2\/media\/2932"}],"wp:attachment":[{"href":"https:\/\/digitaldeals.biz\/fr\/wp-json\/wp\/v2\/media?parent=2879"}],"wp:term":[{"taxonomy":"product_brand","embeddable":true,"href":"https:\/\/digitaldeals.biz\/fr\/wp-json\/wp\/v2\/product_brand?post=2879"},{"taxonomy":"product_cat","embeddable":true,"href":"https:\/\/digitaldeals.biz\/fr\/wp-json\/wp\/v2\/product_cat?post=2879"},{"taxonomy":"product_tag","embeddable":true,"href":"https:\/\/digitaldeals.biz\/fr\/wp-json\/wp\/v2\/product_tag?post=2879"}],"curies":[{"name":"wp","href":"https:\/\/api.w.org\/{rel}","templated":true}]}}