{"id":2936,"date":"2024-05-24T07:58:41","date_gmt":"2024-05-24T07:58:41","guid":{"rendered":"https:\/\/digitaldeals.biz\/?post_type=product&#038;p=2936"},"modified":"2024-05-24T08:08:41","modified_gmt":"2024-05-24T08:08:41","slug":"watch-dogs-legion","status":"publish","type":"product","link":"https:\/\/digitaldeals.biz\/fr\/produit\/watch-dogs-legion\/","title":{"rendered":"WATCH DOGS LEGION"},"content":{"rendered":"<p>Dans un futur proche, Londres fait face \u00e0 sa chute : la population est opprim\u00e9e par un \u00e9tat de surveillance omniscient, une corporation militaire priv\u00e9e corrompue contr\u00f4le les rues, et un puissant syndicat du crime s'en prend aux plus vuln\u00e9rables. Le destin de Londres d\u00e9pend de vous et de votre capacit\u00e9 \u00e0 recruter une r\u00e9sistance et \u00e0 vous battre. Watch Dogs : Legion propose une innovation de gameplay in\u00e9dite qui vous permet de recruter et d'incarner n'importe qui dans la ville embl\u00e9matique de Londres. Chaque personnage du monde ouvert est jouable, et chacun a une histoire, une personnalit\u00e9 et des comp\u00e9tences qui vous aideront \u00e0 personnaliser votre propre \u00e9quipe. Mettez vos personnages en ligne et joignez vos forces \u00e0 celles de vos amis pour reprendre Londres dans des missions coop\u00e9ratives \u00e0 quatre joueurs, des d\u00e9fis de fin de partie et des \u00e9v\u00e9nements quotidiens. Bienvenue dans la R\u00e9sistance.<\/p>","protected":false},"excerpt":{"rendered":"<p>Dans un futur proche, Londres est confront\u00e9e \u00e0 sa chute : la population est opprim\u00e9e par un \u00e9tat de surveillance omnipr\u00e9sent, un syst\u00e8me d'information et un syst\u00e8me de s\u00e9curit\u00e9.<\/p>","protected":false},"featured_media":2929,"comment_status":"open","ping_status":"closed","template":"","meta":[],"product_brand":[],"product_cat":[24,25],"product_tag":[],"class_list":{"0":"post-2936","1":"product","2":"type-product","3":"status-publish","4":"has-post-thumbnail","6":"product_cat-action","7":"product_cat-adventure","9":"first","10":"instock","11":"sale","12":"shipping-taxable","13":"purchasable","14":"product-type-simple"},"_links":{"self":[{"href":"https:\/\/digitaldeals.biz\/fr\/wp-json\/wp\/v2\/product\/2936","targetHints":{"allow":["GET"]}}],"collection":[{"href":"https:\/\/digitaldeals.biz\/fr\/wp-json\/wp\/v2\/product"}],"about":[{"href":"https:\/\/digitaldeals.biz\/fr\/wp-json\/wp\/v2\/types\/product"}],"replies":[{"embeddable":true,"href":"https:\/\/digitaldeals.biz\/fr\/wp-json\/wp\/v2\/comments?post=2936"}],"version-history":[{"count":1,"href":"https:\/\/digitaldeals.biz\/fr\/wp-json\/wp\/v2\/product\/2936\/revisions"}],"predecessor-version":[{"id":2941,"href":"https:\/\/digitaldeals.biz\/fr\/wp-json\/wp\/v2\/product\/2936\/revisions\/2941"}],"wp:featuredmedia":[{"embeddable":true,"href":"https:\/\/digitaldeals.biz\/fr\/wp-json\/wp\/v2\/media\/2929"}],"wp:attachment":[{"href":"https:\/\/digitaldeals.biz\/fr\/wp-json\/wp\/v2\/media?parent=2936"}],"wp:term":[{"taxonomy":"product_brand","embeddable":true,"href":"https:\/\/digitaldeals.biz\/fr\/wp-json\/wp\/v2\/product_brand?post=2936"},{"taxonomy":"product_cat","embeddable":true,"href":"https:\/\/digitaldeals.biz\/fr\/wp-json\/wp\/v2\/product_cat?post=2936"},{"taxonomy":"product_tag","embeddable":true,"href":"https:\/\/digitaldeals.biz\/fr\/wp-json\/wp\/v2\/product_tag?post=2936"}],"curies":[{"name":"wp","href":"https:\/\/api.w.org\/{rel}","templated":true}]}}