{"id":2942,"date":"2024-05-24T08:09:41","date_gmt":"2024-05-24T08:09:41","guid":{"rendered":"https:\/\/digitaldeals.biz\/?post_type=product&#038;p=2942"},"modified":"2024-05-24T08:11:52","modified_gmt":"2024-05-24T08:11:52","slug":"zombie-army-4-dead-war","status":"publish","type":"product","link":"https:\/\/digitaldeals.biz\/fr\/produit\/zombie-army-4-dead-war\/","title":{"rendered":"ZOMBIE ARMY 4 DEAD WAR"},"content":{"rendered":"<p>Les hordes d'Hitler sont de retour dans ce jeu de tir \u00e0 couper le souffle des cr\u00e9ateurs de Sniper Elite 4 ! D'abominables ennemis occultes, des armes \u00e9piques et une nouvelle campagne \u00e9prouvante pour 1 \u00e0 4 joueurs vous attendent dans l'Europe des ann\u00e9es 1940, alors que vous vous battez pour sauver l'humanit\u00e9 d'un Armageddon de morts-vivants !<\/p>","protected":false},"excerpt":{"rendered":"<p>Les hordes d'Hitler sont de retour dans ce jeu de tir \u00e0 faire froid dans le dos des cr\u00e9ateurs de Sniper Elite 4 ! Des ennemis occultes abominables,<\/p>","protected":false},"featured_media":2933,"comment_status":"open","ping_status":"closed","template":"","meta":[],"product_brand":[],"product_cat":[24,25,28,50,56],"product_tag":[],"class_list":{"0":"post-2942","1":"product","2":"type-product","3":"status-publish","4":"has-post-thumbnail","6":"product_cat-action","7":"product_cat-adventure","8":"product_cat-horror","9":"product_cat-shooter","10":"product_cat-zombies","12":"first","13":"instock","14":"sale","15":"shipping-taxable","16":"purchasable","17":"product-type-simple"},"_links":{"self":[{"href":"https:\/\/digitaldeals.biz\/fr\/wp-json\/wp\/v2\/product\/2942","targetHints":{"allow":["GET"]}}],"collection":[{"href":"https:\/\/digitaldeals.biz\/fr\/wp-json\/wp\/v2\/product"}],"about":[{"href":"https:\/\/digitaldeals.biz\/fr\/wp-json\/wp\/v2\/types\/product"}],"replies":[{"embeddable":true,"href":"https:\/\/digitaldeals.biz\/fr\/wp-json\/wp\/v2\/comments?post=2942"}],"version-history":[{"count":2,"href":"https:\/\/digitaldeals.biz\/fr\/wp-json\/wp\/v2\/product\/2942\/revisions"}],"predecessor-version":[{"id":2944,"href":"https:\/\/digitaldeals.biz\/fr\/wp-json\/wp\/v2\/product\/2942\/revisions\/2944"}],"wp:featuredmedia":[{"embeddable":true,"href":"https:\/\/digitaldeals.biz\/fr\/wp-json\/wp\/v2\/media\/2933"}],"wp:attachment":[{"href":"https:\/\/digitaldeals.biz\/fr\/wp-json\/wp\/v2\/media?parent=2942"}],"wp:term":[{"taxonomy":"product_brand","embeddable":true,"href":"https:\/\/digitaldeals.biz\/fr\/wp-json\/wp\/v2\/product_brand?post=2942"},{"taxonomy":"product_cat","embeddable":true,"href":"https:\/\/digitaldeals.biz\/fr\/wp-json\/wp\/v2\/product_cat?post=2942"},{"taxonomy":"product_tag","embeddable":true,"href":"https:\/\/digitaldeals.biz\/fr\/wp-json\/wp\/v2\/product_tag?post=2942"}],"curies":[{"name":"wp","href":"https:\/\/api.w.org\/{rel}","templated":true}]}}