{"id":2945,"date":"2024-05-24T08:12:11","date_gmt":"2024-05-24T08:12:11","guid":{"rendered":"https:\/\/digitaldeals.biz\/?post_type=product&#038;p=2945"},"modified":"2024-05-26T10:11:29","modified_gmt":"2024-05-26T10:11:29","slug":"wrc-7","status":"publish","type":"product","link":"https:\/\/digitaldeals.biz\/fr\/produit\/wrc-7\/","title":{"rendered":"WRC 7"},"content":{"rendered":"<p>Incarnez les meilleurs pilotes du championnat et vivez la comp\u00e9tition \u00e0 travers les 13 \u00e9preuves officielles. Participez aux c\u00e9l\u00e8bres super sp\u00e9ciales et courez dans les lieux cl\u00e9s des vrais rallyes WRC.<\/p>","protected":false},"excerpt":{"rendered":"<p>https:\/\/www.youtube.com\/watch?v=YRxK3A1v7Qc<\/p>","protected":false},"featured_media":2931,"comment_status":"open","ping_status":"closed","template":"","meta":[],"product_brand":[],"product_cat":[49],"product_tag":[],"class_list":{"0":"post-2945","1":"product","2":"type-product","3":"status-publish","4":"has-post-thumbnail","6":"product_cat-puzzle","8":"first","9":"instock","10":"sale","11":"shipping-taxable","12":"purchasable","13":"product-type-simple"},"_links":{"self":[{"href":"https:\/\/digitaldeals.biz\/fr\/wp-json\/wp\/v2\/product\/2945","targetHints":{"allow":["GET"]}}],"collection":[{"href":"https:\/\/digitaldeals.biz\/fr\/wp-json\/wp\/v2\/product"}],"about":[{"href":"https:\/\/digitaldeals.biz\/fr\/wp-json\/wp\/v2\/types\/product"}],"replies":[{"embeddable":true,"href":"https:\/\/digitaldeals.biz\/fr\/wp-json\/wp\/v2\/comments?post=2945"}],"version-history":[{"count":4,"href":"https:\/\/digitaldeals.biz\/fr\/wp-json\/wp\/v2\/product\/2945\/revisions"}],"predecessor-version":[{"id":3037,"href":"https:\/\/digitaldeals.biz\/fr\/wp-json\/wp\/v2\/product\/2945\/revisions\/3037"}],"wp:featuredmedia":[{"embeddable":true,"href":"https:\/\/digitaldeals.biz\/fr\/wp-json\/wp\/v2\/media\/2931"}],"wp:attachment":[{"href":"https:\/\/digitaldeals.biz\/fr\/wp-json\/wp\/v2\/media?parent=2945"}],"wp:term":[{"taxonomy":"product_brand","embeddable":true,"href":"https:\/\/digitaldeals.biz\/fr\/wp-json\/wp\/v2\/product_brand?post=2945"},{"taxonomy":"product_cat","embeddable":true,"href":"https:\/\/digitaldeals.biz\/fr\/wp-json\/wp\/v2\/product_cat?post=2945"},{"taxonomy":"product_tag","embeddable":true,"href":"https:\/\/digitaldeals.biz\/fr\/wp-json\/wp\/v2\/product_tag?post=2945"}],"curies":[{"name":"wp","href":"https:\/\/api.w.org\/{rel}","templated":true}]}}