{"id":3041,"date":"2024-05-26T10:41:21","date_gmt":"2024-05-26T10:41:21","guid":{"rendered":"https:\/\/digitaldeals.biz\/?post_type=product&#038;p=3041"},"modified":"2024-05-26T10:51:09","modified_gmt":"2024-05-26T10:51:09","slug":"alan-wake-remastered","status":"publish","type":"product","link":"https:\/\/digitaldeals.biz\/fr\/produit\/alan-wake-remastered\/","title":{"rendered":"Alan wake remastered"},"content":{"rendered":"<p>Dans ce film d'action et de suspense, Alan Wake, un auteur en difficult\u00e9, se lance dans une qu\u00eate d\u00e9sesp\u00e9r\u00e9e pour retrouver sa femme, Alice. Apr\u00e8s la disparition myst\u00e9rieuse de celle-ci dans la ville de Bright Falls, dans le nord-ouest du Pacifique, il d\u00e9couvre les pages d'une histoire d'horreur qu'il est cens\u00e9 avoir \u00e9crite, mais dont il n'a aucun souvenir. Wake est bient\u00f4t forc\u00e9 de remettre en question sa sant\u00e9 mentale, car page apr\u00e8s page, l'histoire se r\u00e9alise sous ses yeux : une pr\u00e9sence hostile de t\u00e9n\u00e8bres surnaturelles s'empare de tous ceux qu'elle trouve, les retournant contre lui. Il n'a d'autre choix que d'affronter les forces des t\u00e9n\u00e8bres arm\u00e9 seulement de sa lampe de poche, d'une arme de poing et de ce qui reste de son esprit d\u00e9chiquet\u00e9. Le voyage cauchemardesque qu'il entreprend pour trouver des r\u00e9ponses au myst\u00e8re qui le d\u00e9passe le conduira dans les profondeurs terrifiantes de la nuit. Alan Wake Remastered offre une exp\u00e9rience compl\u00e8te, avec le jeu principal et ses deux extensions - The Signal et The Writer - dans de nouveaux visuels 4K \u00e9poustouflants. L'histoire \u00e9pisodique tendue regorge de rebondissements inattendus, de suspensions \u00e0 couper le souffle et de combats intenses o\u00f9 il faut plus que des balles pour chasser les t\u00e9n\u00e8bres. Les sc\u00e8nes du jeu, les personnages excentriques et les paysages majestueux du nord-ouest du Pacifique ont \u00e9t\u00e9 am\u00e9lior\u00e9s pour une exp\u00e9rience qui se distingue autant par son impact visuel que par son atmosph\u00e8re troublante.<\/p>","protected":false},"excerpt":{"rendered":"<p>https:\/\/www.youtube.com\/watch?v=cF_YGL3W6CE<\/p>","protected":false},"featured_media":3046,"comment_status":"open","ping_status":"closed","template":"","meta":[],"product_brand":[],"product_cat":[54],"product_tag":[],"class_list":{"0":"post-3041","1":"product","2":"type-product","3":"status-publish","4":"has-post-thumbnail","6":"product_cat-survival-strategy","8":"first","9":"instock","10":"sale","11":"shipping-taxable","12":"purchasable","13":"product-type-variable","14":"has-default-attributes"},"_links":{"self":[{"href":"https:\/\/digitaldeals.biz\/fr\/wp-json\/wp\/v2\/product\/3041","targetHints":{"allow":["GET"]}}],"collection":[{"href":"https:\/\/digitaldeals.biz\/fr\/wp-json\/wp\/v2\/product"}],"about":[{"href":"https:\/\/digitaldeals.biz\/fr\/wp-json\/wp\/v2\/types\/product"}],"replies":[{"embeddable":true,"href":"https:\/\/digitaldeals.biz\/fr\/wp-json\/wp\/v2\/comments?post=3041"}],"version-history":[{"count":1,"href":"https:\/\/digitaldeals.biz\/fr\/wp-json\/wp\/v2\/product\/3041\/revisions"}],"predecessor-version":[{"id":3047,"href":"https:\/\/digitaldeals.biz\/fr\/wp-json\/wp\/v2\/product\/3041\/revisions\/3047"}],"wp:featuredmedia":[{"embeddable":true,"href":"https:\/\/digitaldeals.biz\/fr\/wp-json\/wp\/v2\/media\/3046"}],"wp:attachment":[{"href":"https:\/\/digitaldeals.biz\/fr\/wp-json\/wp\/v2\/media?parent=3041"}],"wp:term":[{"taxonomy":"product_brand","embeddable":true,"href":"https:\/\/digitaldeals.biz\/fr\/wp-json\/wp\/v2\/product_brand?post=3041"},{"taxonomy":"product_cat","embeddable":true,"href":"https:\/\/digitaldeals.biz\/fr\/wp-json\/wp\/v2\/product_cat?post=3041"},{"taxonomy":"product_tag","embeddable":true,"href":"https:\/\/digitaldeals.biz\/fr\/wp-json\/wp\/v2\/product_tag?post=3041"}],"curies":[{"name":"wp","href":"https:\/\/api.w.org\/{rel}","templated":true}]}}