{"id":3089,"date":"2024-05-26T11:14:40","date_gmt":"2024-05-26T11:14:40","guid":{"rendered":"https:\/\/digitaldeals.biz\/?post_type=product&#038;p=3089"},"modified":"2024-05-26T11:17:43","modified_gmt":"2024-05-26T11:17:43","slug":"batman-arkham-knight","status":"publish","type":"product","link":"https:\/\/digitaldeals.biz\/fr\/produit\/batman-arkham-knight\/","title":{"rendered":"batman arkham knight"},"content":{"rendered":"<table style=\"border-collapse: collapse; width: 1365px; height: 160px;\" width=\"118\">\n<tbody>\n<tr style=\"height: 21.0pt;\">\n<td class=\"xl17\" style=\"width: 89pt; height: 21.0pt;\" width=\"118\" height=\"28\">Batman fait face \u00e0 la menace ultime contre la ville qu'il a jur\u00e9 de prot\u00e9ger. L'\u00c9pouvantail est de retour pour rassembler un imposant groupe de super-vilains, dont le Pingouin, Double-Face et Harley Quinn, afin de d\u00e9truire sommairement le Chevalier Noir. Pour la premi\u00e8re fois dans la franchise, le jeu introduit la Batmobile, une cr\u00e9ation unique de Rocksteady, que l'on peut conduire. Batman : Arkham Knight offre aux joueurs une exp\u00e9rience compl\u00e8te de Batman en parcourant les rues et en s'envolant \u00e0 travers les gratte-ciel de la ville embl\u00e9matique de Gotham City.<\/td>\n<\/tr>\n<\/tbody>\n<\/table>","protected":false},"excerpt":{"rendered":"<p>https:\/\/www.youtube.com\/watch?v=dxa34RatmSc<\/p>","protected":false},"featured_media":3050,"comment_status":"open","ping_status":"closed","template":"","meta":[],"product_brand":[],"product_cat":[24,59],"product_tag":[],"class_list":{"0":"post-3089","1":"product","2":"type-product","3":"status-publish","4":"has-post-thumbnail","6":"product_cat-action","7":"product_cat-open-world","9":"first","10":"instock","11":"sale","12":"shipping-taxable","13":"purchasable","14":"product-type-variable"},"_links":{"self":[{"href":"https:\/\/digitaldeals.biz\/fr\/wp-json\/wp\/v2\/product\/3089","targetHints":{"allow":["GET"]}}],"collection":[{"href":"https:\/\/digitaldeals.biz\/fr\/wp-json\/wp\/v2\/product"}],"about":[{"href":"https:\/\/digitaldeals.biz\/fr\/wp-json\/wp\/v2\/types\/product"}],"replies":[{"embeddable":true,"href":"https:\/\/digitaldeals.biz\/fr\/wp-json\/wp\/v2\/comments?post=3089"}],"version-history":[{"count":1,"href":"https:\/\/digitaldeals.biz\/fr\/wp-json\/wp\/v2\/product\/3089\/revisions"}],"predecessor-version":[{"id":3094,"href":"https:\/\/digitaldeals.biz\/fr\/wp-json\/wp\/v2\/product\/3089\/revisions\/3094"}],"wp:featuredmedia":[{"embeddable":true,"href":"https:\/\/digitaldeals.biz\/fr\/wp-json\/wp\/v2\/media\/3050"}],"wp:attachment":[{"href":"https:\/\/digitaldeals.biz\/fr\/wp-json\/wp\/v2\/media?parent=3089"}],"wp:term":[{"taxonomy":"product_brand","embeddable":true,"href":"https:\/\/digitaldeals.biz\/fr\/wp-json\/wp\/v2\/product_brand?post=3089"},{"taxonomy":"product_cat","embeddable":true,"href":"https:\/\/digitaldeals.biz\/fr\/wp-json\/wp\/v2\/product_cat?post=3089"},{"taxonomy":"product_tag","embeddable":true,"href":"https:\/\/digitaldeals.biz\/fr\/wp-json\/wp\/v2\/product_tag?post=3089"}],"curies":[{"name":"wp","href":"https:\/\/api.w.org\/{rel}","templated":true}]}}